{"id":60,"date":"2019-01-04T07:26:52","date_gmt":"2019-01-04T07:26:52","guid":{"rendered":"https:\/\/luerken-slomka.de\/?page_id=60"},"modified":"2019-01-04T07:26:52","modified_gmt":"2019-01-04T07:26:52","slug":"impressum","status":"publish","type":"page","link":"https:\/\/www.luerken-slomka.de\/?page_id=60","title":{"rendered":"Impressum"},"content":{"rendered":"\n<p>L\u00fcrken und Slomka Bedachungen GmbH <br>Fronhoven 71 <br>52249 Eschweiler <\/p>\n\n\n\n<p>Telefon : 02403 &#8211; 50 64 00 <br>Telefax : 02403 &#8211; 50 64 01 <\/p>\n\n\n\n<p>E-Mail : <a href=\"mailto:info@luerken-slomka.de\">info@luerken-slomka.de <\/a><\/p>\n\n\n\n<p>Vertretungsberechtigte Gesch\u00e4ftsf\u00fchrer:<br>Frank L\u00fcrken und Marcel Slomka <\/p>\n\n\n\n<p>Registergericht: <br>Amtsgericht Aachen<br>Registernummer : HRB 14580 <\/p>\n\n\n\n<p>Meistertitel: Frank L\u00fcrken <br>Berufsbezeichnung: Dachdeckermeister (verliehen in der Bundesrepublik Deutschland) <br><\/p>\n\n\n\n<p>Zust\u00e4ndige Kammer: <br>Handwerkskammer Aachen<br>Sandkaulbach 21<br>52062 Aachen <\/p>\n\n\n\n<p>Berufsrechtliche Regelungen : Handwerksordung (zu finden im Bundesgesetzblatt 1, Seite 3074 in der Fassung vom 24.September 1998. Die Handwerksordnung findet sich auch unter <a href=\"http:\/\/www.gesetze-im-internet.de\/hwo\/index.html\">http:\/\/www.handwerk-nrw.de<\/a>.<\/p>\n\n\n\n<p>Umsatzsteuer-Identifikationsnummer gem. \u00a7 27a Umsatzsteuergesetz: <br>DE217479553 <\/p>\n\n\n\n<p>F\u00fcr den Inhalt der Website verantwortlich gem\u00e4\u00df des \u00a7 55 Absatz 2 RStV. ist Frank L\u00fcrken (Anschrift wie oben). Haftungshinweis : Trotz sorgf\u00e4ltiger inhaltlicher Kontrolle \u00fcbernehmen wir keine Haftung f\u00fcr die Inhalte externer Links. F\u00fcr den Inhalt der verlinkten Seiten sind ausschlie\u00dflich deren Betreiber verantwortlich. <\/p>\n\n\n\n<p>Alle auf dieser Homepage und den weiteren Seiten genannten Marken-, Produkt- und Firmennamen sind Warenzeichen oder eingetragene Warenzeichen der jeweiligen Firmen.<\/p>\n","protected":false},"excerpt":{"rendered":"<p>L\u00fcrken und Slomka Bedachungen GmbH Fronhoven 71 52249 Eschweiler Telefon : 02403 &#8211; 50 64 00 Telefax : 02403 &#8211; 50 64 [&hellip;]<\/p>\n","protected":false},"author":1,"featured_media":0,"parent":0,"menu_order":0,"comment_status":"closed","ping_status":"closed","template":"","meta":{"ngg_post_thumbnail":0,"jetpack_post_was_ever_published":false,"footnotes":""},"class_list":["post-60","page","type-page","status-publish","hentry"],"jetpack_sharing_enabled":true,"jetpack_shortlink":"https:\/\/wp.me\/PaAkeO-Y","jetpack-related-posts":[],"_links":{"self":[{"href":"https:\/\/www.luerken-slomka.de\/index.php?rest_route=\/wp\/v2\/pages\/60","targetHints":{"allow":["GET"]}}],"collection":[{"href":"https:\/\/www.luerken-slomka.de\/index.php?rest_route=\/wp\/v2\/pages"}],"about":[{"href":"https:\/\/www.luerken-slomka.de\/index.php?rest_route=\/wp\/v2\/types\/page"}],"author":[{"embeddable":true,"href":"https:\/\/www.luerken-slomka.de\/index.php?rest_route=\/wp\/v2\/users\/1"}],"replies":[{"embeddable":true,"href":"https:\/\/www.luerken-slomka.de\/index.php?rest_route=%2Fwp%2Fv2%2Fcomments&post=60"}],"version-history":[{"count":1,"href":"https:\/\/www.luerken-slomka.de\/index.php?rest_route=\/wp\/v2\/pages\/60\/revisions"}],"predecessor-version":[{"id":61,"href":"https:\/\/www.luerken-slomka.de\/index.php?rest_route=\/wp\/v2\/pages\/60\/revisions\/61"}],"wp:attachment":[{"href":"https:\/\/www.luerken-slomka.de\/index.php?rest_route=%2Fwp%2Fv2%2Fmedia&parent=60"}],"curies":[{"name":"wp","href":"https:\/\/api.w.org\/{rel}","templated":true}]}}