{"id":29,"date":"2019-01-03T09:27:41","date_gmt":"2019-01-03T09:27:41","guid":{"rendered":"https:\/\/luerken-slomka.de\/?page_id=29"},"modified":"2019-01-17T15:05:26","modified_gmt":"2019-01-17T15:05:26","slug":"flachdaecher","status":"publish","type":"page","link":"https:\/\/www.luerken-slomka.de\/?page_id=29","title":{"rendered":"Flachd\u00e4cher"},"content":{"rendered":"\r\n<p>Flachd\u00e4cher waren bereits schon in der Antike bekannt. Vor allem in&nbsp;trockenen Klimazonen entsprach diese Bauform den klimatischen Verh\u00e4ltnissen. Sofern die Abdichtung befriedigend gel\u00f6st ist, ist zus\u00e4tzlich ohne Probleme eine Nutzung des Daches als Dachterrasse m\u00f6glich. Im 6. Jahrhundert v.&nbsp;Chr. entstanden in&nbsp;Babylon&nbsp;etwa die&nbsp;H\u00e4ngenden G\u00e4rten, eines der sieben Weltwunder der Antike. Die Abdichtung bestand dabei aus Schichten von Asphaltplatten, Backsteinen und M\u00f6rtel.<\/p>\r\n\r\n\r\n\r\nngg_shortcode_0_placeholder\r\n","protected":false},"excerpt":{"rendered":"<p>Flachd\u00e4cher waren bereits schon in der Antike bekannt. Vor allem in&nbsp;trockenen Klimazonen entsprach diese Bauform den klimatischen Verh\u00e4ltnissen. Sofern die Abdichtung befriedigend [&hellip;]<\/p>\n","protected":false},"author":1,"featured_media":0,"parent":25,"menu_order":40,"comment_status":"closed","ping_status":"closed","template":"page-templates\/page_fullwidth.php","meta":{"ngg_post_thumbnail":0,"jetpack_post_was_ever_published":false,"footnotes":""},"class_list":["post-29","page","type-page","status-publish","hentry"],"jetpack_sharing_enabled":false,"jetpack_shortlink":"https:\/\/wp.me\/PaAkeO-t","jetpack-related-posts":[],"_links":{"self":[{"href":"https:\/\/www.luerken-slomka.de\/index.php?rest_route=\/wp\/v2\/pages\/29","targetHints":{"allow":["GET"]}}],"collection":[{"href":"https:\/\/www.luerken-slomka.de\/index.php?rest_route=\/wp\/v2\/pages"}],"about":[{"href":"https:\/\/www.luerken-slomka.de\/index.php?rest_route=\/wp\/v2\/types\/page"}],"author":[{"embeddable":true,"href":"https:\/\/www.luerken-slomka.de\/index.php?rest_route=\/wp\/v2\/users\/1"}],"replies":[{"embeddable":true,"href":"https:\/\/www.luerken-slomka.de\/index.php?rest_route=%2Fwp%2Fv2%2Fcomments&post=29"}],"version-history":[{"count":4,"href":"https:\/\/www.luerken-slomka.de\/index.php?rest_route=\/wp\/v2\/pages\/29\/revisions"}],"predecessor-version":[{"id":132,"href":"https:\/\/www.luerken-slomka.de\/index.php?rest_route=\/wp\/v2\/pages\/29\/revisions\/132"}],"up":[{"embeddable":true,"href":"https:\/\/www.luerken-slomka.de\/index.php?rest_route=\/wp\/v2\/pages\/25"}],"wp:attachment":[{"href":"https:\/\/www.luerken-slomka.de\/index.php?rest_route=%2Fwp%2Fv2%2Fmedia&parent=29"}],"curies":[{"name":"wp","href":"https:\/\/api.w.org\/{rel}","templated":true}]}}