{"id":127,"date":"2019-01-17T14:57:05","date_gmt":"2019-01-17T14:57:05","guid":{"rendered":"https:\/\/luerken-slomka.de\/?page_id=127"},"modified":"2019-01-17T15:04:56","modified_gmt":"2019-01-17T15:04:56","slug":"vordach","status":"publish","type":"page","link":"https:\/\/www.luerken-slomka.de\/?page_id=127","title":{"rendered":"Vord\u00e4cher"},"content":{"rendered":"<p>Ein sogenanntes Vordach ist mehr als nur eine einfache \u00dcberdachung. Ein Vordach pr\u00e4gt den Eingang eines Hauses und stellt somit einen wichtigen gestalterischen Teil ihres Hauses dar. Au\u00dferdem ist es ein Schutz vor Regen und Wind. Es ist ein Blickfang der nahezu zu jedem Geb\u00e4ude passt.<\/p>\nngg_shortcode_0_placeholder\n","protected":false},"excerpt":{"rendered":"<p>Ein sogenanntes Vordach ist mehr als nur eine einfache \u00dcberdachung. Ein Vordach pr\u00e4gt den Eingang eines Hauses und stellt somit einen wichtigen [&hellip;]<\/p>\n","protected":false},"author":1,"featured_media":0,"parent":25,"menu_order":30,"comment_status":"closed","ping_status":"closed","template":"page-templates\/page_fullwidth.php","meta":{"ngg_post_thumbnail":0,"jetpack_post_was_ever_published":false,"footnotes":""},"class_list":["post-127","page","type-page","status-publish","hentry"],"jetpack_sharing_enabled":false,"jetpack_shortlink":"https:\/\/wp.me\/PaAkeO-23","jetpack-related-posts":[],"_links":{"self":[{"href":"https:\/\/www.luerken-slomka.de\/index.php?rest_route=\/wp\/v2\/pages\/127","targetHints":{"allow":["GET"]}}],"collection":[{"href":"https:\/\/www.luerken-slomka.de\/index.php?rest_route=\/wp\/v2\/pages"}],"about":[{"href":"https:\/\/www.luerken-slomka.de\/index.php?rest_route=\/wp\/v2\/types\/page"}],"author":[{"embeddable":true,"href":"https:\/\/www.luerken-slomka.de\/index.php?rest_route=\/wp\/v2\/users\/1"}],"replies":[{"embeddable":true,"href":"https:\/\/www.luerken-slomka.de\/index.php?rest_route=%2Fwp%2Fv2%2Fcomments&post=127"}],"version-history":[{"count":2,"href":"https:\/\/www.luerken-slomka.de\/index.php?rest_route=\/wp\/v2\/pages\/127\/revisions"}],"predecessor-version":[{"id":130,"href":"https:\/\/www.luerken-slomka.de\/index.php?rest_route=\/wp\/v2\/pages\/127\/revisions\/130"}],"up":[{"embeddable":true,"href":"https:\/\/www.luerken-slomka.de\/index.php?rest_route=\/wp\/v2\/pages\/25"}],"wp:attachment":[{"href":"https:\/\/www.luerken-slomka.de\/index.php?rest_route=%2Fwp%2Fv2%2Fmedia&parent=127"}],"curies":[{"name":"wp","href":"https:\/\/api.w.org\/{rel}","templated":true}]}}