{"id":119,"date":"2019-01-17T14:48:35","date_gmt":"2019-01-17T14:48:35","guid":{"rendered":"https:\/\/luerken-slomka.de\/?page_id=119"},"modified":"2019-01-17T15:04:20","modified_gmt":"2019-01-17T15:04:20","slug":"dachgauben","status":"publish","type":"page","link":"https:\/\/www.luerken-slomka.de\/?page_id=119","title":{"rendered":"Dachgauben"},"content":{"rendered":"\r\n<p>Eine Dachgaube, kurz Gaube, vereinzelt auch Dachgaupe (bzw. Gaupe), ist ein Dachaufbau im geneigten Dach eines Geb\u00e4udes. Eine Dachgaube dient zur Belichtung und Bel\u00fcftung des Dachraumes. Sie vergr\u00f6\u00dfert den nutzbaren Raum im Dachgeschoss. Die Gaube wird in das Dach eingebracht und ragt nach au\u00dfen, beziehungsweise sitzt auf dem Dach auf.&nbsp;<\/p>\r\n\r\n\r\n\r\n<p>Hier ein paar Beispiele und Details zu Gauben, die durch uns realisiert worden sind:<\/p>\r\n\r\n\r\n\r\nngg_shortcode_0_placeholder\r\n","protected":false},"excerpt":{"rendered":"<p>Eine Dachgaube, kurz Gaube, vereinzelt auch Dachgaupe (bzw. Gaupe), ist ein Dachaufbau im geneigten Dach eines Geb\u00e4udes. Eine Dachgaube dient zur Belichtung [&hellip;]<\/p>\n","protected":false},"author":1,"featured_media":0,"parent":25,"menu_order":20,"comment_status":"closed","ping_status":"closed","template":"page-templates\/page_fullwidth.php","meta":{"ngg_post_thumbnail":0,"jetpack_post_was_ever_published":false,"footnotes":""},"class_list":["post-119","page","type-page","status-publish","hentry"],"jetpack_sharing_enabled":false,"jetpack_shortlink":"https:\/\/wp.me\/PaAkeO-1V","jetpack-related-posts":[],"_links":{"self":[{"href":"https:\/\/www.luerken-slomka.de\/index.php?rest_route=\/wp\/v2\/pages\/119","targetHints":{"allow":["GET"]}}],"collection":[{"href":"https:\/\/www.luerken-slomka.de\/index.php?rest_route=\/wp\/v2\/pages"}],"about":[{"href":"https:\/\/www.luerken-slomka.de\/index.php?rest_route=\/wp\/v2\/types\/page"}],"author":[{"embeddable":true,"href":"https:\/\/www.luerken-slomka.de\/index.php?rest_route=\/wp\/v2\/users\/1"}],"replies":[{"embeddable":true,"href":"https:\/\/www.luerken-slomka.de\/index.php?rest_route=%2Fwp%2Fv2%2Fcomments&post=119"}],"version-history":[{"count":2,"href":"https:\/\/www.luerken-slomka.de\/index.php?rest_route=\/wp\/v2\/pages\/119\/revisions"}],"predecessor-version":[{"id":131,"href":"https:\/\/www.luerken-slomka.de\/index.php?rest_route=\/wp\/v2\/pages\/119\/revisions\/131"}],"up":[{"embeddable":true,"href":"https:\/\/www.luerken-slomka.de\/index.php?rest_route=\/wp\/v2\/pages\/25"}],"wp:attachment":[{"href":"https:\/\/www.luerken-slomka.de\/index.php?rest_route=%2Fwp%2Fv2%2Fmedia&parent=119"}],"curies":[{"name":"wp","href":"https:\/\/api.w.org\/{rel}","templated":true}]}}